{"id":7,"date":"2019-08-01T11:55:24","date_gmt":"2019-08-01T11:55:24","guid":{"rendered":"http:\/\/rebuttal.de\/?page_id=7"},"modified":"2026-01-01T19:57:11","modified_gmt":"2026-01-01T19:57:11","slug":"talks","status":"publish","type":"page","link":"https:\/\/philippschmid.org\/?page_id=7","title":{"rendered":"Talks"},"content":{"rendered":"\n<p><em><strong>202<\/strong><\/em><strong><em>5<\/em><\/strong><\/p>\n\n\n\n<p class=\"has-white-background-color has-background\">Schmid, P., (2025). <em>Using Behavioural Science for Infodemic Preparedness: The Case of Vaccination Misinformationience<\/em>. 18th European Public Health Conference 2025. Helsinki (Finland)<\/p>\n\n\n\n<p class=\"has-white-background-color has-background\">Schmid, P., (2025). <em>Impact of Exposure to Health Misinformation on Belief in Misinformation: A Meta-analysis of RCTs<\/em>. 19. Tagung der Fachgruppe Sozialpsychologie (FGSP) der Deutschen Gesellschaft f\u00fcr Psychologie (DGPs). Bochum (Germany)<\/p>\n\n\n\n<p class=\"has-white-background-color has-background\">Schmid, P., (2025). <em>Fake Science\u00a0begegnen<\/em>. Fachtagung: Interdisziplin\u00e4re Perspektiven auf die Covid-19 Pandemie. Martin-Luther Universit\u00e4t, Halle-Wittenberg (Germany)<\/p>\n\n\n\n<p class=\"has-white-background-color has-background\">Schmid, P., (2025). Symposium: <em>Effectiveness Of PsychologicTackling vaccine hesitancy with empathy &#8211; Motivational and empathetic<\/em> <em>refutational interviewing in healthcare contextsal Interventions To Counter Health Misinformation<\/em>. Annual Conference of the European Health Psychology Society, Groningen (Netherlands)<\/p>\n\n\n\n<p class=\"has-white-background-color has-background\">Schmid, P., (2025). <em>Impact of witnessing empathetic refutational and motivational interviews on trust and intentions to<\/em> <em>vaccinate<\/em>. Annual Conference of the European Health Psychology Society, Groningen (Netherlands)<\/p>\n\n\n\n<p class=\"has-white-background-color has-background\">Schmid, P., (2025). <em>Effective interventions for rebutting health misinformation<\/em>. Psydisc Symposium, Universiteit Amsterdam, Amsterdam (Netherlands)<\/p>\n\n\n\n<p class=\"has-white-background-color has-background\">Schmid, P., (2025). <em>Debunking.<\/em> <em>Wie man Fehlinformationen am besten korrigiert, nachdem man auf sie gesto\u00dfen ist<\/em>. Workshop on detecting and addressing misinformation, Max Planck Institute for Human Development, Berlin (Germany)<\/p>\n\n\n\n<p class=\"has-white-background-color has-background\">Schmid, P., (2025).<em> Debunking, misinformation &amp; mandates<\/em>. Horizon 2020 workshop Jitsuvax, Brussels (Belgium)<\/p>\n\n\n\n<p class=\"has-white-background-color has-background\">Schmid, P., (2025). <em>Impfskepsis<\/em>. Fortbildungsveranstaltung<strong>\u00a0<\/strong>im\u00a0Kinder-&amp;\u00a0Jugend\u00e4rztlichen\u00a0Dienst (KJ\u00c4D) (Online)<\/p>\n\n\n\n<p class=\"has-white-background-color has-background\">Schmid, P., (2025). <em>Psychological interventions to counter misinformation<\/em>. SOA Aids Nederland. (Online)<\/p>\n\n\n\n<p class=\"has-white-background-color has-background\">Schmid, P., (2025). <em>Psychologische Interventionen: Wie kann man Fake Science und\u00a0 Wissenschaftsleugnung begegnen?<\/em>. Conference: 4th Cochrane Symposium Germany, Freiburg (Germany)<\/p>\n\n\n\n<p class=\"has-white-background-color has-background\">Schmid, P., (2025).<em><em>Evaluating the impact of interventions addressing health behaviour<\/em><\/em>. United Nations Innovation Network. Impact Evaluation &amp; Behavioral Science in the UN. https:\/\/www.youtube.com\/watch?v=QQc3TZmuGqY. Online<\/p>\n\n\n\n<p><em><strong>202<\/strong><\/em><strong><em>4<\/em><\/strong><\/p>\n\n\n\n<p class=\"has-white-background-color has-background\">Schmid, P., (2024).<em> Vaccination mandates<\/em>. Conference: Meeting the Challenges of the Online Information Environment: Democratic debate and public health. Max Planck Institute for Human Development, Berlin (Germany)<\/p>\n\n\n\n<p class=\"has-white-background-color has-background\">Schmid, P., (2024).<em> Evaluating the impact of interventions addressing health behaviour&nbsp;<\/em>. World Health Organization. WHO\/Europe BCI Community&nbsp;of&nbsp;Practice. Online<\/p>\n\n\n\n<p class=\"has-white-background-color has-background\">Schmid, P., (2024). <em>Methoden der Gespr\u00e4chsf\u00fchrung &amp; Kommunikation mit impfskeptischen Eltern und Jugendlichen<\/em>. HPV-Fortbildung. \u00c4rztekammer Westfalen-Lippe. Online<\/p>\n\n\n\n<p class=\"has-white-background-color has-background\">Schmid, P., (2024). <em>HPV Impfkommunikation<\/em>. Akademie f\u00fcr \u00c4rztliche Fort- und Weiterbildung der Landes\u00e4rztekammer Hessen. Online<\/p>\n\n\n\n<p class=\"has-white-background-color has-background\">Schmid, P., (2024).<em> Vaccination mandates<\/em>. Conference: Meeting the Challenges of the Online Information Environment: Democratic debate and public health. Max Planck Institute for Human Development, Berlin (Germany)<\/p>\n\n\n\n<p class=\"has-white-background-color has-background\">Schmid, P., (2024).<em> Psychologie des Impfens (Impfskeptiker, Impfmythen)<\/em>. Akademie f\u00fcr \u00c4rztliche Fortbildung Impfseminar. Online<\/p>\n\n\n\n<p class=\"has-white-background-color has-background\">Schmid, P., (2024).<em> Motivational Interviewing to tackle vaccine hesitancy<\/em>. <br>42. Sitzung der Bayerischen Landesarbeitsgemeinschaft Impfen(LAGI). Online<\/p>\n\n\n\n<p class=\"has-white-background-color has-background\">Schmid, P., (2024).<em> Psychological interventions to counter misinformation and to build trust<\/em>. European Centre for Disease Prevention and Control (ECDC) &#8211; Lighthouse Talk. Online<\/p>\n\n\n\n<p class=\"has-white-background-color has-background\">Schmid, P., (2024).<em> Impfkommunikation 2.0 \u2013 Von Motivational Interviewing bis ChatGPT<\/em>. Nationale Impfkonferenz (NIK). Warnem\u00fcnde (Germany)<\/p>\n\n\n\n<p class=\"has-white-background-color has-background\">Schmid, P., (2024). <em>Exposure to Health Misinformation on Belief in<\/em> <em>Misinformation: A Meta-analysis of RCTs<\/em>. Etmaal &#8211; 26th edition of the 24 hours of communication science, Rotterdam (Netherlands)<\/p>\n\n\n\n<p class=\"has-white-background-color has-background\">Schmid, P., (2024). <em>An \u201cEmpathetic Refutational Interview\u201d to address misconceptions about vaccination<\/em>. 53nd Congress of the German Psychological Society, Vienna (Austria)<\/p>\n\n\n\n<p><em><strong>202<\/strong><\/em><strong><em>3<\/em><\/strong><\/p>\n\n\n\n<p class=\"has-white-background-color has-background\">Schmid, P., (2023). <em>How to avoid the misinformation trap? Understanding science denialism via behavioural science<\/em>. ESMH summer school, European Parliament, Strasbourg (France)<\/p>\n\n\n\n<p class=\"has-white-background-color has-background\">Schmid, P., (2023). <em>An \u201cEmpathetic Refutational Interview\u201d to address misconceptions about vaccination<\/em>. 23rd Annual Summer Interdisciplinary Conference, Kranjska Gora (Slovenia)<\/p>\n\n\n\n<p class=\"has-white-background-color has-background\">Schmid, P., (2023). <em>Psychological Interventions to Counter Health Misinformation<\/em>. Ringvorlesung Universit\u00e4t Jena, Jena (Germany)<\/p>\n\n\n\n<p class=\"has-white-background-color has-background\">Schmid, P., (2023). <em>Kommunikativer Umgang mit Wissenschaftsleugnern<\/em>. 129. Kongress der Deutschen Gesellschaft f\u00fcr Innere Medizin, Wiesbaden (Germany)<\/p>\n\n\n\n<p class=\"has-white-background-color has-background\">Schmid, P., (2023). <em>Kommunikation in Krisenzeiten: Wie kann man Wissenschaftsleugnung und Fake News begegnen?<\/em> Volkshochschule Herrenberg, Herrenberg (Germany)<\/p>\n\n\n\n<p class=\"has-white-background-color has-background\">Schmid, P., (2023). <em>The Psychological lmpacts and Message Features of Health Misinformation: A Systematic Review of Randomized Controlled Trials<\/em>. PERITIA, Rethinking Expertise, Policy and Trust, Dublin (Scotland)<\/p>\n\n\n\n<p><em><strong>202<\/strong><\/em><strong><em>2<\/em><\/strong><\/p>\n\n\n\n<p class=\"has-background\" style=\"background-color:#ffffff\">Schmid, P., (2022). <em>Benefits &amp; Pitfalls of Debunking Interventions<\/em>. Infodemic Management Training, Putrajaya (Malaysia)<\/p>\n\n\n\n<p class=\"has-background\" style=\"background-color:#ffffff\">Schmid, P., (2022). <em>Paneldiskussion Fake News und Verschw\u00f6rungstheorien<\/em>. Akademien der Wissenschaften Schweiz, Z\u00fcrich (Switzerland) <\/p>\n\n\n\n<p class=\"has-background\" style=\"background-color:#ffffff\">Schmid, P., (2022). Symposium: <em>Effectiveness Of Psychological Interventions To Counter Health Misinformation<\/em>. 52nd Congress of the German Psychological Society, Hildesheim (Germany) <\/p>\n\n\n\n<p class=\"has-background\" style=\"background-color:#ffffff\">Schmid, P., Werner, B. (2022). <em>The role of hostile language when rebutting health misinformation in public discussions<\/em>. 52nd Congress of the German Psychological Society, Hildesheim (Germany) <\/p>\n\n\n\n<p class=\"has-background\" style=\"background-color:#ffffff\">Schmid, P., Werner, B. (2022). <em>The role of hostile language when rebutting health misinformation in public discussions<\/em>. European Society for Cognitive Psychology Conference, Lille (France) <\/p>\n\n\n\n<p class=\"has-background\" style=\"background-color:#ffffff\">Schmid, P. (2022). <em>Fake News zum Thema Impfen &#8211; Rhetorische Fallen erkennen und vermeiden<\/em>. &#8211; Landesfortbildung Rheinland-Pfalz Impfen. Mainz.<\/p>\n\n\n\n<p class=\"has-background\" style=\"background-color:#ffffff\">Schmid, P. (2022). <em>Verbesserung der Impfquoten und der Impfakzeptanz Management einer Infodemic<\/em>. &#8211; Nationale Impfkonferenz NIK. Wiesbaden.<\/p>\n\n\n\n<p class=\"has-background\" style=\"background-color:#ffffff\">Schmid, P. (2022). <em>Einfluss von sozialen Medien auf die Meinungsbildung<\/em>. &#8211; Bayerische Gesellschaft f\u00fcr Geburtshilfe und Frauenheilkunde BGGF22. W\u00fcrzburg.<\/p>\n\n\n\n<p class=\"has-background\" style=\"background-color:#ffffff\">Schmid, P. (2022). <em>Webinar zum Thema St\u00e4rkung des Vertrauens in Covid-19-Impfungen in Deutschland<\/em>. &#8211; The Vaccine Confidence Project. https:\/\/www.youtube.com\/watch?v=RZsNSZYk98M<\/p>\n\n\n\n<p class=\"has-background\" style=\"background-color:#ffffff\">Schmid, P. (2022). <em>Handwerkszeug f\u00fcr Wisenschaftskommunikation: Update<\/em><br>Institut f\u00fcr Qualit\u00e4t und Wirtschaftlichkeit im Gesundheitswesen \u2013 Kolloquium. <\/p>\n\n\n\n<p class=\"has-background\" style=\"background-color:#ffffff\">Schmid, P. (2022). <em>Fake News zum Impfen<\/em>. Berufsverband der Frauen\u00e4rzte, Fortbildungskongress FOKO, D\u00fcsseldorf.  <\/p>\n\n\n\n<p class=\"has-background\" style=\"background-color:#ffffff\">Schmid, P. (2022). <em>Communication about vaccines<\/em>.<br>IMMUNION train-the-trainer workshop. University of Antwerp (Online).<\/p>\n\n\n\n<p class=\"has-background\" style=\"background-color:#ffffff\">Schmid, P. (2022). <em>Mythen im Gesundheitswesen<\/em>.<br>Rationalit\u00e4t und Irrationalit\u00e4t im 21. Jahrhundert. Rotary Club Regensburg.<\/p>\n\n\n\n<p class=\"has-background\" style=\"background-color:#ffffff\">Schmid, P. (2022). <em>Psychological interventions to address vaccine hesitancy<\/em>.<br>Building healthcare professionals&#8217; confidence in COVID-19 vaccination in Croatia &#8211; The Vaccine Confidence Project. https:\/\/www.youtube.com\/watch?v=OaxcPl2iujM <\/p>\n\n\n\n<p class=\"has-background\" style=\"background-color:#ffffff\">Schmid, P. (2022). <em>Die Psychologie der Desinformation&nbsp;&#8211; Was macht uns anf\u00e4llig f\u00fcr Fake News und Co.?<\/em>. Digitale Demokratie \u2013 DRK \u2013 Kreisverband Trier- Saarburg e. V.<\/p>\n\n\n\n<p class=\"has-background\" style=\"background-color:#ffffff\">Schmid, P. (2022). <em>Fake-News. Wir m\u00fcssen reden&#8230;<\/em>.<br>Integrationszentrum Kreis Unna. Online-Veranstaltung f\u00fcr Interessierte, P\u00e4dagog:innen und Fachkr\u00e4fte aus dem Gesundheitswesen.<\/p>\n\n\n\n<p><em><strong>202<\/strong><\/em><strong><em>1<\/em><\/strong><\/p>\n\n\n\n<p class=\"has-background\" style=\"background-color:#ffffff\">Schmid, P. (2021). <em>Gesundheitskommunikation in Coronazeiten: Was haben wir gelernt?<\/em><br>Bundesinstitut f\u00fcr Risikobewertung \u2013 Kolloquium. <\/p>\n\n\n\n<p class=\"has-background\" style=\"background-color:#ffffff\">Schmid, P. (2021). <em>Debunking health misinformation in public<\/em>. University of Zurich IKMZ \u2013 Speaker Series 2021. <\/p>\n\n\n\n<p class=\"has-background\" style=\"background-color:#ffffff\">Schmid, P. (2021). <em>The hoax conspiracy as a soothing but maladaptive escape from the COVID-19 pandemic reality<\/em>. European Association of Social Psychology \u2013 Small Group Meeting Social Implications of Conspiracy Theories. <\/p>\n\n\n\n<p class=\"has-background\" style=\"background-color:#ffffff\">Schmid, P. (2021). <em>Evaluation of a text-based debunking intervention for countering misinformation on COVID-19 mRNA vaccines<\/em>. European Conference on Health Communication. <\/p>\n\n\n\n<p class=\"has-background\" style=\"background-color:#ffffff\">Schmid, P. (2021). <em>Gesundheitskommunikation in Coronazeiten: Was haben wir gelernt?<\/em><br>Institut f\u00fcr Qualit\u00e4t und Wirtschaftlichkeit im Gesundheitswesen \u2013 Kolloquium. <\/p>\n\n\n\n<p class=\"has-background\" style=\"background-color:#ffffff\">Schmid, P. (2021). <em>Rebutting Science Denialism<\/em>. Max Planck Institut Berlin \u2013 Workshop on Online Interventions. <\/p>\n\n\n\n<p class=\"has-background\" style=\"background-color:#ffffff\">Schmid, P. (2021). <em>Impfmythen und Impfskepsis &#8211; eine psychologische Perspektive.<\/em> Deutsche Gesellschaft f\u00fcr Rheumatologie \u2013 Deutscher Rheumatologiekongress. <\/p>\n\n\n\n<p class=\"has-background\" style=\"background-color:#ffffff\">Schmid, P. (2021). <em>Fake News zum Impfen (Rhetorische Fallen erkennen und vermeiden).<\/em> Berufsverband der Frauen\u00e4rzte \u2013 Digitaler Gyn\u00e4kologentag Rhein-Main. <\/p>\n\n\n\n<p class=\"has-background\" style=\"background-color:#ffffff\">Schmid, P. (2021). <em>Effektive Strategien im Umgang mit Wissenschaftsleugnern \u2013 Eine psychologische Perspektive<\/em>. Skepkon 2021. <\/p>\n\n\n\n<p class=\"has-background\" style=\"background-color:#ffffff\">Schmid, P. (2021). <em>The hoax conspiracy as a soothing but maladaptive escape from the COVID-19 pandemic reality<\/em>. Annual Conference of the European Health Psychology Society. <\/p>\n\n\n\n<p class=\"has-background\" style=\"background-color:#ffffff\">Schmid, P. (2021). <em>Die Angst vor der Impfung \u2013 Fake News und Mythen aus psychologischer Perspektive<\/em>. Digitale Demokratie \u2013 DRK \u2013 Kreisverband Trier- Saarburg e. V.<\/p>\n\n\n\n<p class=\"has-background\" style=\"background-color:#ffffff\">Schmid, P. (2021). <em>Die Corona-Schutzimpung. Umgang mit Impfskeptiker*innen<\/em>. Landesvereinigung f\u00fcr Gesundheit und Akademie f\u00fcr Sozialmedizin Niedersachsen e. V. <\/p>\n\n\n\n<p class=\"has-background\" style=\"background-color:#ffffff\">Schmid, P. (2021). <em>Interventionen zum Schutz vor COVID-19 \u2013 Falschinformationen und Verschw\u00f6rungstheorien<\/em>. Berufsverband Deutscher Psychologinnen und Psychologen. https:\/\/www.bdp-hessen.de\/751<\/p>\n\n\n\n<p class=\"has-background\" style=\"background-color:#ffffff\">Schmid, P. (2021). <em>Building a Dialogue on Evidence and Values: Overcoming Science Denialism<\/em>. Aspen Global Congress on Scientific Thinking &amp; Action, Italy (Rome and online).<\/p>\n\n\n\n<p class=\"has-background\" style=\"background-color:#ffffff\">Lewandowsky, S., Schmid, P. (2021). <em>The &#8216;infodemic&#8217; and vaccine hesitancy in the age of Covid-19<\/em>. Festival of Internatiol Relations and Partnership University of Bristol, UK (online). https:\/\/www.bristol.ac.uk\/psychology\/events\/2021\/105.html<\/p>\n\n\n\n<p class=\"has-background\" style=\"background-color:#ffffff\">Lewandowsky, S., Schmid, P. (2021).<em> Disinformation, conspiracy theories and the infodemic<\/em>. WHO Regional Office for Europe webinar series &#8211; Communication considerations for COVID-19 vaccine introduction, Copenhagen (Denmark and online).<\/p>\n\n\n\n<p class=\"has-background\" style=\"background-color:#ffffff\">Schmid, P. (2021). <em>COVID-19 Impfung &#8211; Wie kommunizieren?<\/em> Deutsches Netzwerk Gesundheitskompetenz &#8211; Webtalk, Germany (online).<\/p>\n\n\n\n<p class=\"has-background\" style=\"background-color:#ffffff\">Schmid, P. (2021). <em> Impfkommunikation &#8211; Wie kann eine gute Aufkl\u00e4rung zur Corona-Impfung gelingen<\/em>. Wissenschaft im Dialog &#8211; Webtalk, Germany (Berlin and online).<\/p>\n\n\n\n<p class=\"has-background\" style=\"background-color:#ffffff\">Schmid, P. (2021). <em>Strategien f\u00fcr Fakten: Wir wir uns gegen Desinformation wehren k\u00f6nnen<\/em>. Bundesverband Deutscher Stiftungen &#8211; Webtalk \u201eUpdate Stiftungskommunikation&#8221;, Germany (online).<\/p>\n\n\n\n<p><em><strong>2020<\/strong><\/em><\/p>\n\n\n\n<p class=\"has-background\" style=\"background-color:#ffffff\">Schmid, P. (2020). <em>How to deal with vocal vaccine deniers in public<\/em>. Canadian Immunization Conference CIC 2020. Quebec (Canada and online)<\/p>\n\n\n\n<p class=\"has-background\" style=\"background-color:#ffffff\">Schmid, P. (2020). <em>How to respond to vocal vaccine deniers in public<\/em>. WHO Regional Office for Europe webinar series &#8211; Communication considerations for COVID-19 vaccine introduction, Copenhagen (Denmark and online).<\/p>\n\n\n\n<p class=\"has-background\" style=\"background-color:#ffffff\">Schmid, P. (2020). <em>Impfen im Kreuzfeuer von Fake-News.<\/em> 63. Kongress Deutsche Gesellschaft f\u00fcr Gyn\u00e4kologie und Geburtshilfe e.V., Munich (Germany and online)<\/p>\n\n\n\n<p class=\"has-background\" style=\"background-color:#ffffff\">Schmid, P. (2020). <em>Effective Strategies to Counter Science Denialism in Public.<\/em> WHO ad-hoc technical consultation on managing the COVID-19 infodemic, Geneva (Switzerland and online)<\/p>\n\n\n\n<p class=\"has-background\" style=\"background-color:#ffffff\">Schmid, P. (2020). <em>Umgang mit Impfgegnern<\/em>. Forum Reisen und Gesundheit, Berlin (Germany).<\/p>\n\n\n\n<p class=\"has-background\" style=\"background-color:#ffffff\">Schmid, P. (2020). <em>Medizinmythen wirksam entkr\u00e4ften<\/em>. Europ\u00e4isches Forum f\u00fcr Evidenzbasierte Pr\u00e4vention, Perchtolsdorf (Austria).<\/p>\n\n\n\n<p><strong><em>2019<\/em><\/strong><\/p>\n\n\n\n<p class=\"has-background\" style=\"background-color:#ffffff\">Schmid, P. (2019). <em>Rebutting fake news around vaccination &#8211; A psychological perspective<\/em>. XVI International Update Seminar On Vaccines &#8211; Balmis Instituto, Almeria (Spain).<\/p>\n\n\n\n<p class=\"has-background\" style=\"background-color:#ffffff\">Schmid, P. (2019). <em>Fake-News zum Thema Impfungen bek\u00e4mpfen &#8211; eine psychologische Perspektive<\/em>. Turnus\u00e4rztekongress, Vorarlberg (Austria).<\/p>\n\n\n\n<p class=\"has-background\" style=\"background-color:#ffffff\">Schmid, P., Betsch, C., (2019). <em>Advocating for science: How to rebut science denialism in public discussions.<\/em> 21st Conference of the European Society for Cognitive Psychology, Tenerife (Spain).<\/p>\n\n\n\n<p class=\"has-background\" style=\"background-color:#ffffff\">Schmid, P., Schwarzer, M., Betsch, C., (2019). <em>Neutralizing the false-balance effect &#8211; How media can support rebuttal of misinformation about vaccination<\/em>. European Health Psychology Society Annual Conference, Dubrovnik (Croatia).<\/p>\n\n\n\n<p class=\"has-background\" style=\"background-color:#ffffff\">Schmid, P. (2019). <em>Health communication in a post-truth era. <\/em>Keynote Behavioural Insights Summer School, Erfurt (Germany).&nbsp;<\/p>\n\n\n\n<p class=\"has-background\" style=\"background-color:#ffffff\">Schmid, P. (2019). <em>FakeNews und Mythen im Impfwesen entkr\u00e4ften \u2013was funktioniert? Ein psychologischer Blick<\/em>. Impfgespr\u00e4che aks Gesundheit Vorarlberg, Bregenz (Austria).&nbsp;<\/p>\n\n\n\n<p class=\"has-background\" style=\"background-color:#ffffff\">Schmid, P. (2019). <em>Fake News &#8211; Rhetorische Fallen erkennen und vermeiden<\/em>. Nationale Impfkonferenz, Hamburg (Germany).&nbsp;<\/p>\n\n\n\n<p><strong><em>2018<\/em><\/strong><\/p>\n\n\n\n<p class=\"has-background\" style=\"background-color:#ffffff\">Schmid, P., Betsch, C., (2018).&nbsp;<em>How to respond to persuasive messages of vaccine deniers in public debates.<\/em>&nbsp;The Risk and Uncertainty Conference (RUC), Amsterdam (Netherlands).<\/p>\n\n\n\n<p class=\"has-background\" style=\"background-color:#ffffff\">Schmid, P., Betsch, C., (2018).&nbsp;<em>How to respond to persuasive messages of vaccine deniers &#8211; Experimental verification of a two-dimensional debunking strategy.<\/em>&nbsp;International Meeting of the Psychonomic Society, Amsterdam (Netherlands).<\/p>\n\n\n\n<p class=\"has-background\" style=\"background-color:#ffffff\">Schmid, P., Betsch, C., (2018). D<em>ebunking of persuasive messages of vaccine denial; An empirical verification of a two dimensional debunking strategy [Persuasive Botschaften von Impfgegnern entkr\u00e4ften; Experimentelle \u00dcberpr\u00fcfung einer zweidimensionalen Debunking Strategie] Update 2.&nbsp;<\/em>Kongress der Deutschen Gesellschaft f\u00fcr Psychologie (DGPS), Frankfurt (Germany).<\/p>\n\n\n\n<p class=\"has-background\" style=\"background-color:#ffffff\">Schmid, P., Betsch, C., (2018).&nbsp;<em>Fake news und Mythen im Gesundheitsbereich entkr\u00e4ften. Was funktioniert? Ein psychologischer Blick.&nbsp;<\/em>Herbstsymposium Institut f\u00fcr Qualit\u00e4t und Wirtschaftlichkeit im Gesundheitswesen. (IQWiG), K\u00f6ln (Germany).<\/p>\n\n\n\n<p class=\"has-background\" style=\"background-color:#ffffff\">Schmid, P., Betsch, C., (2018).&nbsp;<em>How to respond to vocal vaccine deniers in public.&nbsp;<\/em>Fondation Merieux: Strategies to Increase Vaccine Acceptance and Uptake, Annecy (France).<\/p>\n\n\n\n<p><strong><em>2017<\/em><\/strong> <strong><em>and earlier<\/em><\/strong><\/p>\n\n\n\n<p class=\"has-background\" style=\"background-color:#ffffff\">Schmid, P., Betsch, C., (2017).&nbsp;<em>Debunking of persuasive messages of vaccine denial; An empirical verification of a two dimensional debunking strategy [Persuasive Botschaften von Impfgegnern entkr\u00e4ften; Experimentelle \u00dcberpr\u00fcfung einer zweidimensionalen Debunking Strategie] Update 1.&nbsp;<\/em>2.Jahrestagung der DGPuK &#8211; Fachgruppe Gesundheitskommunikation, Erfurt (Germany).<\/p>\n\n\n\n<p class=\"has-background\" style=\"background-color:#ffffff\">Schmid, P., Betsch, C., (2017).&nbsp;<em>Debunking of persuasive messages of vaccine denial; An empirical verification of a two dimensional debunking strategy [Persuasive Botschaften von Impfgegnern entkr\u00e4ften; Experimentelle \u00dcberpr\u00fcfung einer zweidimensionalen Debunking Strategie].&nbsp;<\/em>Kongress f\u00fcr Gesundheitspsychologie (DGPS), Siegen (Germany).<\/p>\n\n\n\n<p class=\"has-background\" style=\"background-color:#ffffff\">Schmid, P., Betsch, C., (2017).&nbsp;<em>Impfcompliance \u2013 Psychologische Erkl\u00e4rungs- und Interventionsans\u00e4tze.<\/em>&nbsp;31. Freiburger Symposium Arbeitsmedizin im Gesundheitsdienst, Freiburg (Germany).<\/p>\n\n\n\n<p class=\"has-background\" style=\"background-color:#ffffff\">Schmid, P., Betsch, C., (2017).&nbsp;<em>Vaccination; A social decision. [Impfen als soziale Entscheidung].<\/em>&nbsp;25. Jahrestagung der Deutschen Gesellschaft f\u00fcr P\u00e4diatrische Infektiologie e. V. (DGPI), Dresden (Germany).<\/p>\n\n\n\n<p class=\"has-background\" style=\"background-color:#ffffff\">Schmid, P., Betsch, C., (2016).&nbsp;<em>Vaccine Scepticism, Vaccine Criticism, Vaccine Hesitancy, [Impfskepsis, Impfkritik, Impfm\u00fcdigkeit].&nbsp;<\/em>Workshop des \u00c4KBV \u00c4rztlicher Kreis- und Bezirksverband M\u00fcnchen, M\u00fcnchen (Germany).<\/p>\n\n\n\n<p class=\"has-background\" style=\"background-color:#ffffff\">Schmid, P., Betsch, C., (2016).&nbsp;<em>The Four Reasons of Vaccine Refusal \u2013 Development of a Measurement Tool. [Die 4 Gr\u00fcnde von Impfverweigerung \u2013 Entwicklung und Validierung eines Messinstruments].<\/em>&nbsp;Kongress der Deutschen Gesellschaft f\u00fcr Psychologie (DGPS), Leipzig (Germany).<\/p>\n\n\n\n<p class=\"has-background\" style=\"background-color:#ffffff\">Schmid, P., Betsch, C., (2016).&nbsp;<em>Hesitancy Issues for Influenza Vaccination: A Literature Review.<\/em>&nbsp;Third WHO Consultation on Global Action Plan for Influenza Vaccines (GAP III). Geneva (Switzerland).<\/p>\n\n\n\n<p class=\"has-background\" style=\"background-color:#ffffff\">Schmid, P., Betsch, C., (2016).&nbsp;<em>Psychology of Vaccine Decision Making [Die Psychologie der Impfentscheidung]&nbsp;<\/em>in&nbsp;<em>Vaccination in Austria \u2013 Status Quo and Quo Vadis.<\/em>&nbsp;Forum Alpbach, Alpbach (Austria).<\/p>\n","protected":false},"excerpt":{"rendered":"<p>2025 Schmid, P., (2025). Using Behavioural Science for Infodemic Preparedness: The Case of Vaccination Misinformationience. 18th European Public Health Conference 2025. Helsinki (Finland) Schmid, P., (2025). Impact of Exposure to Health Misinformation on Belief in Misinformation: A Meta-analysis of RCTs. 19. Tagung der Fachgruppe Sozialpsychologie (FGSP) der Deutschen Gesellschaft f\u00fcr Psychologie (DGPs). Bochum (Germany) Schmid, &hellip; <\/p>\n<p class=\"link-more\"><a href=\"https:\/\/philippschmid.org\/?page_id=7\" class=\"more-link\">Continue reading<span class=\"screen-reader-text\"> &#8220;Talks&#8221;<\/span><\/a><\/p>\n","protected":false},"author":1,"featured_media":0,"parent":0,"menu_order":0,"comment_status":"closed","ping_status":"closed","template":"","meta":{"footnotes":""},"class_list":["post-7","page","type-page","status-publish","hentry"],"_links":{"self":[{"href":"https:\/\/philippschmid.org\/index.php?rest_route=\/wp\/v2\/pages\/7","targetHints":{"allow":["GET"]}}],"collection":[{"href":"https:\/\/philippschmid.org\/index.php?rest_route=\/wp\/v2\/pages"}],"about":[{"href":"https:\/\/philippschmid.org\/index.php?rest_route=\/wp\/v2\/types\/page"}],"author":[{"embeddable":true,"href":"https:\/\/philippschmid.org\/index.php?rest_route=\/wp\/v2\/users\/1"}],"replies":[{"embeddable":true,"href":"https:\/\/philippschmid.org\/index.php?rest_route=%2Fwp%2Fv2%2Fcomments&post=7"}],"version-history":[{"count":48,"href":"https:\/\/philippschmid.org\/index.php?rest_route=\/wp\/v2\/pages\/7\/revisions"}],"predecessor-version":[{"id":619,"href":"https:\/\/philippschmid.org\/index.php?rest_route=\/wp\/v2\/pages\/7\/revisions\/619"}],"wp:attachment":[{"href":"https:\/\/philippschmid.org\/index.php?rest_route=%2Fwp%2Fv2%2Fmedia&parent=7"}],"curies":[{"name":"wp","href":"https:\/\/api.w.org\/{rel}","templated":true}]}}